{"id":1221,"date":"2023-06-07T13:36:52","date_gmt":"2023-06-07T13:36:52","guid":{"rendered":"http:\/\/zsp3.pl\/?page_id=1221"},"modified":"2024-11-25T21:25:40","modified_gmt":"2024-11-25T21:25:40","slug":"pilka-nozna","status":"publish","type":"page","link":"http:\/\/zsp3.pl\/?page_id=1221","title":{"rendered":"Pi\u0142ka no\u017cna"},"content":{"rendered":"\n<h2 class=\"wp-block-heading\"><strong>Mistrzostwa Powiatu W\u0142oszczowskiego w pi\u0142ce no\u017cnej ch\u0142opc\u00f3w<\/strong><\/h2>\n\n\n\n<p class=\"has-regular-font-size\"> <\/p>\n\n\n\n<p>&nbsp;\u2002\u2002\u2002\u2002\u2002 W dn. 13. 11.24 r. z inicjatywy naszych nauczycieli wychowania fizycznego , pana Huberta W\u00f3jcika i pana Mariusza Ochenduszki, na ORLIKU zosta\u0142y rozegrane&nbsp; Mistrzostwa Powiatu W\u0142oszczowskiego w pi\u0142ce no\u017cnej ch\u0142opc\u00f3w.&nbsp; &nbsp;Zorganizowa\u0142 je dzia\u0142aj\u0105cy w Zespole Szk\u00f3\u0142 nr 3 Uczniowski Klub Sportowy UNION, a sponsorem i fundatorem pami\u0105tkowych puchar\u00f3w i statuetek by\u0142o Starostwo Powiatowe we W\u0142oszczowie. Honorowy patronat nad rozgrywkami obj\u0105\u0142 Starosta W\u0142oszczowski, pan Dariusz Czechowski.<\/p>\n\n\n\n<p>Mistrzami Powiatu zostali nasi wspaniali ch\u0142opcy!<\/p>\n\n\n\n<p>&nbsp;Sk\u0142adamy gratulacje mistrzowskiej dru\u017cynie w sk\u0142adzie: Mateusz Czai\u0144ski (2 b LO), Alvaro K\u0119dzierski (2 TME), Wiktor Rumin (2 TME), Pawe\u0142 Czy\u017cowski (2 TM\u017bE), Daniel Kapu\u015bciak (3 a LO), Bart\u0142omiej Dorywalski (3 bBS), Bart\u0142omiej Rajca (3 b LO), Bartosz Machnik (4 LO), Karol Kusa (5 TEH), Jakub Prokop (5 TI), Igor \u0141ysakowski (5 TM\u017b) oraz jej trenerowi, panu Hubertowi W\u00f3jcikowi.<\/p>\n\n\n\n<p>Kr\u00f3lem Strzelc\u00f3w zosta\u0142 Igor \u0141ysakowski z klasy 5 TM\u017b!<\/p>\n\n\n\n<p>Gratulujemy!!!!<\/p>\n\n\n\n<figure class=\"wp-block-image size-large\"><img fetchpriority=\"high\" decoding=\"async\" width=\"1024\" height=\"576\" src=\"http:\/\/zsp3.pl\/wp-content\/uploads\/2024\/11\/1000009262-1024x576.jpg\" alt=\"\" class=\"wp-image-5218\" srcset=\"http:\/\/zsp3.pl\/wp-content\/uploads\/2024\/11\/1000009262-1024x576.jpg 1024w, http:\/\/zsp3.pl\/wp-content\/uploads\/2024\/11\/1000009262-300x169.jpg 300w, http:\/\/zsp3.pl\/wp-content\/uploads\/2024\/11\/1000009262-768x432.jpg 768w, http:\/\/zsp3.pl\/wp-content\/uploads\/2024\/11\/1000009262.jpg 1080w\" sizes=\"(max-width: 1024px) 100vw, 1024px\" \/><\/figure>\n\n\n\n<figure class=\"wp-block-image size-large\"><img decoding=\"async\" width=\"1024\" height=\"768\" src=\"http:\/\/zsp3.pl\/wp-content\/uploads\/2024\/11\/1000009261-1024x768.jpg\" alt=\"\" class=\"wp-image-5219\" srcset=\"http:\/\/zsp3.pl\/wp-content\/uploads\/2024\/11\/1000009261-1024x768.jpg 1024w, http:\/\/zsp3.pl\/wp-content\/uploads\/2024\/11\/1000009261-300x225.jpg 300w, http:\/\/zsp3.pl\/wp-content\/uploads\/2024\/11\/1000009261-768x576.jpg 768w, http:\/\/zsp3.pl\/wp-content\/uploads\/2024\/11\/1000009261-600x450.jpg 600w, http:\/\/zsp3.pl\/wp-content\/uploads\/2024\/11\/1000009261.jpg 1080w\" sizes=\"(max-width: 1024px) 100vw, 1024px\" \/><\/figure>\n\n\n\n<figure class=\"wp-block-image size-large\"><img decoding=\"async\" width=\"1024\" height=\"576\" src=\"http:\/\/zsp3.pl\/wp-content\/uploads\/2024\/11\/1000009260-1024x576.jpg\" alt=\"\" class=\"wp-image-5220\" srcset=\"http:\/\/zsp3.pl\/wp-content\/uploads\/2024\/11\/1000009260-1024x576.jpg 1024w, http:\/\/zsp3.pl\/wp-content\/uploads\/2024\/11\/1000009260-300x169.jpg 300w, http:\/\/zsp3.pl\/wp-content\/uploads\/2024\/11\/1000009260-768x432.jpg 768w, http:\/\/zsp3.pl\/wp-content\/uploads\/2024\/11\/1000009260.jpg 1080w\" sizes=\"(max-width: 1024px) 100vw, 1024px\" \/><\/figure>\n\n\n\n<figure class=\"wp-block-image size-large\"><img loading=\"lazy\" decoding=\"async\" width=\"1024\" height=\"576\" src=\"http:\/\/zsp3.pl\/wp-content\/uploads\/2024\/11\/1000009259-1024x576.jpg\" alt=\"\" class=\"wp-image-5222\" srcset=\"http:\/\/zsp3.pl\/wp-content\/uploads\/2024\/11\/1000009259-1024x576.jpg 1024w, http:\/\/zsp3.pl\/wp-content\/uploads\/2024\/11\/1000009259-300x169.jpg 300w, http:\/\/zsp3.pl\/wp-content\/uploads\/2024\/11\/1000009259-768x432.jpg 768w, http:\/\/zsp3.pl\/wp-content\/uploads\/2024\/11\/1000009259.jpg 1080w\" sizes=\"(max-width: 1024px) 100vw, 1024px\" \/><\/figure>\n\n\n\n<hr class=\"wp-block-separator has-alpha-channel-opacity\"\/>\n\n\n\n<p><\/p>\n","protected":false},"excerpt":{"rendered":"<p>Mistrzostwa Powiatu W\u0142oszczowskiego w pi\u0142ce no\u017cnej ch\u0142opc\u00f3w &nbsp;\u2002\u2002\u2002\u2002\u2002 W dn. 13. 11.24 r. z inicjatywy naszych nauczycieli wychowania fizycznego , [&hellip;]<\/p>\n","protected":false},"author":2,"featured_media":0,"parent":0,"menu_order":0,"comment_status":"closed","ping_status":"closed","template":"","meta":{"footnotes":""},"class_list":["post-1221","page","type-page","status-publish","hentry"],"_links":{"self":[{"href":"http:\/\/zsp3.pl\/index.php?rest_route=\/wp\/v2\/pages\/1221","targetHints":{"allow":["GET"]}}],"collection":[{"href":"http:\/\/zsp3.pl\/index.php?rest_route=\/wp\/v2\/pages"}],"about":[{"href":"http:\/\/zsp3.pl\/index.php?rest_route=\/wp\/v2\/types\/page"}],"author":[{"embeddable":true,"href":"http:\/\/zsp3.pl\/index.php?rest_route=\/wp\/v2\/users\/2"}],"replies":[{"embeddable":true,"href":"http:\/\/zsp3.pl\/index.php?rest_route=%2Fwp%2Fv2%2Fcomments&post=1221"}],"version-history":[{"count":3,"href":"http:\/\/zsp3.pl\/index.php?rest_route=\/wp\/v2\/pages\/1221\/revisions"}],"predecessor-version":[{"id":5225,"href":"http:\/\/zsp3.pl\/index.php?rest_route=\/wp\/v2\/pages\/1221\/revisions\/5225"}],"wp:attachment":[{"href":"http:\/\/zsp3.pl\/index.php?rest_route=%2Fwp%2Fv2%2Fmedia&parent=1221"}],"curies":[{"name":"wp","href":"https:\/\/api.w.org\/{rel}","templated":true}]}}