{"id":1224,"date":"2023-06-07T13:36:52","date_gmt":"2023-06-07T13:36:52","guid":{"rendered":"http:\/\/zsp3.pl\/?page_id=1224"},"modified":"2024-11-25T21:28:56","modified_gmt":"2024-11-25T21:28:56","slug":"pilka-reczna","status":"publish","type":"page","link":"http:\/\/zsp3.pl\/?page_id=1224","title":{"rendered":"Pi\u0142ka r\u0119czna"},"content":{"rendered":"\n<h2 class=\"wp-block-heading\">Ma\u0142a Liga Pi\u0142ki R\u0119cznej<\/h2>\n\n\n\n<p>\u2002\u2002\u2002\u2002\u2002\u2002W dn. 19.11.24 r. nasi uczniowie wzi\u0119li udzia\u0142 w rozgrywkach Ma\u0142ej Ligi Pi\u0142ki R\u0119cznej. Rozegrali mecze z dru\u017cynami z Kielc, Skar\u017cyska Kamiennej, W\u0105chocka i Ch\u0119cin. Niestety, po zaci\u0119tej walce nie uda\u0142o si\u0119 wyj\u015b\u0107 z grupy i ostatecznie zaj\u0119li 3. miejsce w swojej grupie.&nbsp;<\/p>\n\n\n\n<p>Trzymamy kciuki i dzi\u0119kujemy za pi\u0142karskie emocje.<\/p>\n\n\n<div class=\"wp-block-image\">\n<figure class=\"aligncenter size-large\"><img fetchpriority=\"high\" decoding=\"async\" width=\"1024\" height=\"768\" src=\"http:\/\/zsp3.pl\/wp-content\/uploads\/2024\/11\/1000009263-1024x768.jpg\" alt=\"\" class=\"wp-image-5226\" srcset=\"http:\/\/zsp3.pl\/wp-content\/uploads\/2024\/11\/1000009263-1024x768.jpg 1024w, http:\/\/zsp3.pl\/wp-content\/uploads\/2024\/11\/1000009263-300x225.jpg 300w, http:\/\/zsp3.pl\/wp-content\/uploads\/2024\/11\/1000009263-768x576.jpg 768w, http:\/\/zsp3.pl\/wp-content\/uploads\/2024\/11\/1000009263-600x450.jpg 600w, http:\/\/zsp3.pl\/wp-content\/uploads\/2024\/11\/1000009263.jpg 1080w\" sizes=\"(max-width: 1024px) 100vw, 1024px\" \/><\/figure>\n<\/div>\n\n<div class=\"wp-block-image\">\n<figure class=\"aligncenter size-large\"><img decoding=\"async\" width=\"768\" height=\"1024\" src=\"http:\/\/zsp3.pl\/wp-content\/uploads\/2024\/11\/1000009264-768x1024.jpg\" alt=\"\" class=\"wp-image-5227\" srcset=\"http:\/\/zsp3.pl\/wp-content\/uploads\/2024\/11\/1000009264-768x1024.jpg 768w, http:\/\/zsp3.pl\/wp-content\/uploads\/2024\/11\/1000009264-225x300.jpg 225w, http:\/\/zsp3.pl\/wp-content\/uploads\/2024\/11\/1000009264.jpg 1080w\" sizes=\"(max-width: 768px) 100vw, 768px\" \/><\/figure>\n<\/div>\n\n<div class=\"wp-block-image\">\n<figure class=\"aligncenter size-large\"><img decoding=\"async\" width=\"1024\" height=\"1005\" src=\"http:\/\/zsp3.pl\/wp-content\/uploads\/2024\/11\/1000009265-1024x1005.jpg\" alt=\"\" class=\"wp-image-5229\" srcset=\"http:\/\/zsp3.pl\/wp-content\/uploads\/2024\/11\/1000009265-1024x1005.jpg 1024w, http:\/\/zsp3.pl\/wp-content\/uploads\/2024\/11\/1000009265-300x294.jpg 300w, http:\/\/zsp3.pl\/wp-content\/uploads\/2024\/11\/1000009265-768x754.jpg 768w, http:\/\/zsp3.pl\/wp-content\/uploads\/2024\/11\/1000009265.jpg 1080w\" sizes=\"(max-width: 1024px) 100vw, 1024px\" \/><\/figure>\n<\/div>","protected":false},"excerpt":{"rendered":"<p>Ma\u0142a Liga Pi\u0142ki R\u0119cznej \u2002\u2002\u2002\u2002\u2002\u2002W dn. 19.11.24 r. nasi uczniowie wzi\u0119li udzia\u0142 w rozgrywkach Ma\u0142ej Ligi Pi\u0142ki R\u0119cznej. Rozegrali mecze [&hellip;]<\/p>\n","protected":false},"author":2,"featured_media":0,"parent":0,"menu_order":0,"comment_status":"closed","ping_status":"closed","template":"","meta":{"footnotes":""},"class_list":["post-1224","page","type-page","status-publish","hentry"],"_links":{"self":[{"href":"http:\/\/zsp3.pl\/index.php?rest_route=\/wp\/v2\/pages\/1224","targetHints":{"allow":["GET"]}}],"collection":[{"href":"http:\/\/zsp3.pl\/index.php?rest_route=\/wp\/v2\/pages"}],"about":[{"href":"http:\/\/zsp3.pl\/index.php?rest_route=\/wp\/v2\/types\/page"}],"author":[{"embeddable":true,"href":"http:\/\/zsp3.pl\/index.php?rest_route=\/wp\/v2\/users\/2"}],"replies":[{"embeddable":true,"href":"http:\/\/zsp3.pl\/index.php?rest_route=%2Fwp%2Fv2%2Fcomments&post=1224"}],"version-history":[{"count":2,"href":"http:\/\/zsp3.pl\/index.php?rest_route=\/wp\/v2\/pages\/1224\/revisions"}],"predecessor-version":[{"id":5230,"href":"http:\/\/zsp3.pl\/index.php?rest_route=\/wp\/v2\/pages\/1224\/revisions\/5230"}],"wp:attachment":[{"href":"http:\/\/zsp3.pl\/index.php?rest_route=%2Fwp%2Fv2%2Fmedia&parent=1224"}],"curies":[{"name":"wp","href":"https:\/\/api.w.org\/{rel}","templated":true}]}}