{"id":234,"date":"2022-11-24T17:48:38","date_gmt":"2022-11-24T17:48:38","guid":{"rendered":"http:\/\/194.31.36.101\/?page_id=234"},"modified":"2023-04-04T19:07:14","modified_gmt":"2023-04-04T19:07:14","slug":"egzaminy","status":"publish","type":"page","link":"http:\/\/zsp3.pl\/?page_id=234","title":{"rendered":"Egzaminy"},"content":{"rendered":"\n<div class=\"wp-block-group\"><div class=\"wp-block-group__inner-container is-layout-constrained wp-block-group-is-layout-constrained\">\n<hr class=\"wp-block-separator has-alpha-channel-opacity has-luminous-dusk-gradient-background has-background is-style-wide\"\/>\n\n\n\n<h3 class=\"wp-block-heading has-dark-blue-color has-text-color\">Wa\u017cne odno\u015bniki<\/h3>\n\n\n\n<div class=\"wp-block-group has-regular-font-size is-vertical is-layout-flex wp-container-core-group-is-layout-8cf370e7 wp-block-group-is-layout-flex\">\n<p class=\"has-regular-font-size\"><a href=\"http:\/\/cke.edu.pl\/\">Strona Centralnej Komisji Egzaminacyjnej<\/a><\/p>\n\n\n\n<p class=\"has-regular-font-size\"><a href=\"http:\/\/oke.lodz.pl\/info.php?i=8\">Informacje dotycz\u0105ce egzaminu maturalnego na stronach OKE \u0141\u00f3d\u017a<\/a><\/p>\n\n\n\n<p class=\"has-regular-font-size\"><a href=\"http:\/\/oke.lodz.pl\/info.php?i=9\">Informacje dotycz\u0105ce egzaminu zawodowego na stronach OKE \u0141\u00f3d\u017a<\/a><\/p>\n<\/div>\n<\/div><\/div>\n","protected":false},"excerpt":{"rendered":"<p>Wa\u017cne odno\u015bniki Strona Centralnej Komisji Egzaminacyjnej Informacje dotycz\u0105ce egzaminu maturalnego na stronach OKE \u0141\u00f3d\u017a Informacje dotycz\u0105ce egzaminu zawodowego na stronach [&hellip;]<\/p>\n","protected":false},"author":3,"featured_media":0,"parent":0,"menu_order":0,"comment_status":"closed","ping_status":"closed","template":"","meta":{"footnotes":""},"class_list":["post-234","page","type-page","status-publish","hentry"],"_links":{"self":[{"href":"http:\/\/zsp3.pl\/index.php?rest_route=\/wp\/v2\/pages\/234","targetHints":{"allow":["GET"]}}],"collection":[{"href":"http:\/\/zsp3.pl\/index.php?rest_route=\/wp\/v2\/pages"}],"about":[{"href":"http:\/\/zsp3.pl\/index.php?rest_route=\/wp\/v2\/types\/page"}],"author":[{"embeddable":true,"href":"http:\/\/zsp3.pl\/index.php?rest_route=\/wp\/v2\/users\/3"}],"replies":[{"embeddable":true,"href":"http:\/\/zsp3.pl\/index.php?rest_route=%2Fwp%2Fv2%2Fcomments&post=234"}],"version-history":[{"count":11,"href":"http:\/\/zsp3.pl\/index.php?rest_route=\/wp\/v2\/pages\/234\/revisions"}],"predecessor-version":[{"id":879,"href":"http:\/\/zsp3.pl\/index.php?rest_route=\/wp\/v2\/pages\/234\/revisions\/879"}],"wp:attachment":[{"href":"http:\/\/zsp3.pl\/index.php?rest_route=%2Fwp%2Fv2%2Fmedia&parent=234"}],"curies":[{"name":"wp","href":"https:\/\/api.w.org\/{rel}","templated":true}]}}