{"id":237,"date":"2022-11-24T17:48:59","date_gmt":"2022-11-24T17:48:59","guid":{"rendered":"http:\/\/194.31.36.101\/?page_id=237"},"modified":"2026-04-30T19:12:20","modified_gmt":"2026-04-30T19:12:20","slug":"rekrutacja","status":"publish","type":"page","link":"http:\/\/zsp3.pl\/?page_id=237","title":{"rendered":"Rekrutacja"},"content":{"rendered":"\n<div class=\"wp-block-group\"><div class=\"wp-block-group__inner-container is-layout-constrained wp-block-group-is-layout-constrained\">\n<hr class=\"wp-block-separator has-alpha-channel-opacity has-vivid-cyan-blue-to-vivid-purple-gradient-background has-background is-style-wide\"\/>\n\n\n\n<h3 class=\"wp-block-heading has-dark-blue-color has-text-color\">Rekrutacja 2026<\/h3>\n\n\n\n<div class=\"wp-block-group is-vertical is-layout-flex wp-container-core-group-is-layout-8cf370e7 wp-block-group-is-layout-flex\" style=\"font-size:1.3em\">\n<div class=\"wp-block-group is-vertical is-layout-flex wp-container-core-group-is-layout-8cf370e7 wp-block-group-is-layout-flex\">\n<div class=\"wp-block-file\"><a id=\"wp-block-file--media-da188e00-deb2-4620-b73c-abe934fb9033\" href=\"http:\/\/zsp3.pl\/wp-content\/uploads\/2026\/04\/Rekrutacja-2026-2027-oferta-z-logistykiem-1.doc\" target=\"_blank\" rel=\"noreferrer noopener\">oferta<\/a><\/div>\n<\/div>\n\n\n\n<div class=\"wp-block-file\"><a id=\"wp-block-file--media-c986833c-1914-41c1-b028-02823bc6c440\" href=\"http:\/\/zsp3.pl\/wp-content\/uploads\/2026\/04\/ZASADY-REKRUTACJI-INFORMACJA-20262027.docx\">informacja<\/a><\/div>\n\n\n\n<div class=\"wp-block-file\"><a id=\"wp-block-file--media-6638cf43-799b-439a-9de0-efdf87ceea8e\" href=\"http:\/\/zsp3.pl\/wp-content\/uploads\/2026\/04\/WNIOSEK-o-przyjecie-do-ZS-Nr-3-ROK-20262027.doc\" target=\"_blank\" rel=\"noreferrer noopener\">wniosek<\/a><\/div>\n\n\n\n<div class=\"wp-block-file\"><a id=\"wp-block-file--media-333d5760-d0e2-4aa3-8387-63808a690a94\" href=\"http:\/\/zsp3.pl\/wp-content\/uploads\/2026\/04\/Wniosek-_-_Branzowa_Szkola_II_stopnia-2.doc\" target=\"_blank\" rel=\"noreferrer noopener\">wniosek szkola bran\u017cowa II stopnia<\/a><\/div>\n\n\n\n<div class=\"wp-block-file\"><a id=\"wp-block-file--media-bab7a8e1-3bf8-437e-ae49-4ed242fd7bf2\" href=\"http:\/\/zsp3.pl\/wp-content\/uploads\/2026\/04\/Regulamin-rekrutacji-2026-2027-1.doc\">regulamin rekrutacji<\/a><\/div>\n\n\n\n<p>fotografia cyfrowa oraz 1 fotografia (podpisana na odwrocie imieniem i nazwiskiem), -zdj\u0119cie w postaci cyfrowej kandydaci przesy\u0142aj\u0105 na adres <a href=\"mailto:rekrutacja@zsp3.pl\" target=\"_blank\" rel=\"noreferrer noopener\">rekrutacja@zsp3.pl<\/a>, -zdj\u0119cie w postaci cyfrowej musi posiada\u0107 rozszerzenie jpg lub jpeg, nie wi\u0119ksze ni\u017c 5 MB. minimaln\u0105 rozdzielczo\u015b\u0107 300dpi oraz wymiary 496 px wysoko\u015b\u0107 x 354 px szeroko\u015b\u0107. Nazwa pliku ze zdj\u0119ciem wed\u0142ug schematu: nazwisko-imi\u0119- typ szko\u0142y\/zaw\u00f3\ufff3d np. kowalski-jan-technik-mechanik<\/p>\n<\/div>\n\n\n\n<hr class=\"wp-block-separator has-alpha-channel-opacity has-vivid-cyan-blue-to-vivid-purple-gradient-background has-background is-style-wide\"\/>\n\n\n\n<h3 class=\"wp-block-heading\">Podr\u0119czniki na rok szkolny 2025\/2026<\/h3>\n\n\n\n<div class=\"wp-block-group is-vertical is-layout-flex wp-container-core-group-is-layout-8cf370e7 wp-block-group-is-layout-flex\">\n<div class=\"wp-block-file\"><a id=\"wp-block-file--media-bb9fab6c-364a-4130-a0cb-1fb61f995c2b\" href=\"http:\/\/zsp3.pl\/wp-content\/uploads\/2025\/08\/ogolne-2.xls\" target=\"_blank\" rel=\"noreferrer noopener\">Przedmioty og\u00f3lne<\/a><\/div>\n\n\n\n<div class=\"wp-block-file\"><a id=\"wp-block-file--media-97954483-3c0e-4710-93dc-69a1c13efa29\" href=\"http:\/\/zsp3.pl\/wp-content\/uploads\/2025\/08\/zawodowe-2.xls\" target=\"_blank\" rel=\"noreferrer noopener\">Przedmioty zawodowe<\/a><\/div>\n<\/div>\n\n\n\n<hr class=\"wp-block-separator has-alpha-channel-opacity has-vivid-cyan-blue-to-vivid-purple-gradient-background has-background is-style-wide\"\/>\n<\/div><\/div>\n\n\n\n<div class=\"wp-block-group\"><div class=\"wp-block-group__inner-container is-layout-constrained wp-block-group-is-layout-constrained\">\n<h3 class=\"wp-block-heading has-dark-blue-color has-text-color\">III Liceum Og\u00f3lnokszta\u0142c\u0105ce z Oddzia\u0142ami Integracyjnymi o kierunku:<\/h3>\n\n\n\n<ul class=\"wp-block-list\">\n<li>matematyczno-przyrodniczym<\/li>\n\n\n\n<li>policyjno-prawnym<\/li>\n\n\n\n<li>sportowo-militarnym<\/li>\n\n\n\n<li>biomedycznym z elementami dietetyki<\/li>\n\n\n\n<li>biznesowo-j\u0119zykowym<\/li>\n\n\n\n<li>psychologiczno-spo\u0142ecznym<\/li>\n\n\n\n<li>informatycznym z elementami cyberbezpiecze\u0144stwa<\/li>\n<\/ul>\n<\/div><\/div>\n\n\n\n<div class=\"wp-block-group\"><div class=\"wp-block-group__inner-container is-layout-constrained wp-block-group-is-layout-constrained\">\n<hr class=\"wp-block-separator has-alpha-channel-opacity has-vivid-cyan-blue-to-vivid-purple-gradient-background has-background is-style-wide\"\/>\n\n\n\n<h3 class=\"wp-block-heading has-dark-blue-color has-text-color\">Technikum Nr 2 z Oddzia\u0142ami Integracyjnymi w zawodzie:<\/h3>\n\n\n\n<ul class=\"wp-block-list\">\n<li>technik ekonomista z elementami e-biznesu \u2013 firma w sieci<\/li>\n\n\n\n<li>technik informatyk z elementami cyberbezpiecze\u0144stwa<\/li>\n\n\n\n<li>technik mechanik<\/li>\n\n\n\n<li>technik hotelarstwa<\/li>\n\n\n\n<li>technik elektryk<\/li>\n\n\n\n<li>technik budownictwa<\/li>\n\n\n\n<li>technik logistyk <\/li>\n\n\n\n<li>technik logistyk z innowacj\u0105 wojskow\u0105<\/li>\n\n\n\n<li>technik \u017cywienia i us\u0142ug gastronomicznych z elementami dietetyki<\/li>\n\n\n\n<li>technik technologii \u017cywno\u015bci<\/li>\n\n\n\n<li>technik handlowiec<\/li>\n\n\n\n<li>technik przetw\u00f3rstwa mleczarskiego<\/li>\n\n\n\n<li>technik spawalnictwa<\/li>\n\n\n\n<li>technik turystyki na obszarach wiejskich<\/li>\n\n\n\n<li>technik rachunkowo\u015bci<\/li>\n\n\n\n<li>technik analityk z elementami kosmetologii<\/li>\n\n\n\n<li>technik programista z elementami AI<\/li>\n<\/ul>\n<\/div><\/div>\n\n\n\n<div class=\"wp-block-group\"><div class=\"wp-block-group__inner-container is-layout-constrained wp-block-group-is-layout-constrained\">\n<hr class=\"wp-block-separator has-alpha-channel-opacity has-vivid-cyan-blue-to-vivid-purple-gradient-background has-background is-style-wide\"\/>\n\n\n\n<h3 class=\"wp-block-heading has-dark-blue-color has-text-color\">Bran\u017cowa Szko\u0142a I Stopnia (3-letnia) w zawodzie:<\/h3>\n\n\n\n<ul class=\"wp-block-list\">\n<li>mechanik pojazd\u00f3w samochodowych<\/li>\n\n\n\n<li>fryzjer<\/li>\n\n\n\n<li>\u015blusarz<\/li>\n\n\n\n<li>blacharz samochodowy<\/li>\n\n\n\n<li>elektryk<\/li>\n\n\n\n<li>przetw\u00f3rca mi\u0119sa<\/li>\n\n\n\n<li>stolarz<\/li>\n\n\n\n<li>piekarz<\/li>\n\n\n\n<li>betoniarz &#8211; zbrojarz<\/li>\n\n\n\n<li>cukiernik<\/li>\n\n\n\n<li>operator obrabiarek skrawaj\u0105cych<\/li>\n\n\n\n<li>kucharz<\/li>\n\n\n\n<li>sprzedawca<\/li>\n\n\n\n<li>magazynier-logistyk<\/li>\n\n\n\n<li>pracownik obs\u0142ugi hotelowej<\/li>\n\n\n\n<li>monter sieci instalacji sanitarnych<\/li>\n<\/ul>\n<\/div><\/div>\n\n\n\n<p><\/p>\n\n\n\n<hr class=\"wp-block-separator has-alpha-channel-opacity has-vivid-cyan-blue-to-vivid-purple-gradient-background has-background is-style-wide\"\/>\n\n\n\n<h3 class=\"wp-block-heading\">Bran\u017cowa Szko\u0142a II Stopnia <\/h3>\n\n\n\n<p><\/p>\n\n\n\n<ul class=\"wp-block-list\">\n<li>technik budownictwa absolwenci w zawodach: betoniarz\u2013zbrojarz, monter konstrukcji budowlanych, murarz-tynkarz<\/li>\n\n\n\n<li>technik elektryk absolwenci w zawodach: elektryk<\/li>\n\n\n\n<li>technik handlowiec absolwenci w zawodach: sprzedawca<\/li>\n\n\n\n<li>technik hotelarstwa absolwenci w zawodach: pracownik obs\u0142ugi hotelowej<\/li>\n\n\n\n<li>technik logistyk absolwenci w zawodach: magazynier\u2013logistyk<\/li>\n\n\n\n<li>technik mechanik absolwenci w zawodach: mechanik\u2013monter maszyn i urz\u0105dze\u0144, operator obrabiarek skrawaj\u0105cych, \u015blusarz<\/li>\n\n\n\n<li>technik pojazd\u00f3w samochodowych absolwenci w zawodach: mechanik pojazd\u00f3w samochodowych, elektromechanik pojazd\u00f3w samochodowych<\/li>\n\n\n\n<li>technik technologii \u017cywno\u015bci absolwenci w zawodach: cukiernik, piekarz, przetw\u00f3rca mi\u0119sa, przetw\u00f3rca ryb, operator maszyn i urz\u0105dze\u0144 przemys\u0142u spo\u017cywczego<\/li>\n\n\n\n<li>technik \u017cywienia i us\u0142ug gastronomicznych absolwenci w zawodach: kucharz<\/li>\n<\/ul>\n","protected":false},"excerpt":{"rendered":"<p>Rekrutacja 2026 fotografia cyfrowa oraz 1 fotografia (podpisana na odwrocie imieniem i nazwiskiem), -zdj\u0119cie w postaci cyfrowej kandydaci przesy\u0142aj\u0105 na [&hellip;]<\/p>\n","protected":false},"author":3,"featured_media":0,"parent":0,"menu_order":0,"comment_status":"closed","ping_status":"closed","template":"","meta":{"footnotes":""},"class_list":["post-237","page","type-page","status-publish","hentry"],"_links":{"self":[{"href":"http:\/\/zsp3.pl\/index.php?rest_route=\/wp\/v2\/pages\/237","targetHints":{"allow":["GET"]}}],"collection":[{"href":"http:\/\/zsp3.pl\/index.php?rest_route=\/wp\/v2\/pages"}],"about":[{"href":"http:\/\/zsp3.pl\/index.php?rest_route=\/wp\/v2\/types\/page"}],"author":[{"embeddable":true,"href":"http:\/\/zsp3.pl\/index.php?rest_route=\/wp\/v2\/users\/3"}],"replies":[{"embeddable":true,"href":"http:\/\/zsp3.pl\/index.php?rest_route=%2Fwp%2Fv2%2Fcomments&post=237"}],"version-history":[{"count":36,"href":"http:\/\/zsp3.pl\/index.php?rest_route=\/wp\/v2\/pages\/237\/revisions"}],"predecessor-version":[{"id":8178,"href":"http:\/\/zsp3.pl\/index.php?rest_route=\/wp\/v2\/pages\/237\/revisions\/8178"}],"wp:attachment":[{"href":"http:\/\/zsp3.pl\/index.php?rest_route=%2Fwp%2Fv2%2Fmedia&parent=237"}],"curies":[{"name":"wp","href":"https:\/\/api.w.org\/{rel}","templated":true}]}}