{"id":321,"date":"2022-11-26T00:18:50","date_gmt":"2022-11-26T00:18:50","guid":{"rendered":"http:\/\/194.31.36.101\/?page_id=321"},"modified":"2025-04-09T12:21:15","modified_gmt":"2025-04-09T12:21:15","slug":"deklaracja-dostepnosci","status":"publish","type":"page","link":"http:\/\/zsp3.pl\/?page_id=321","title":{"rendered":"Deklaracja dost\u0119pno\u015bci"},"content":{"rendered":"\n<hr class=\"wp-block-separator has-alpha-channel-opacity has-luminous-dusk-gradient-background has-background is-style-wide\"\/>\n\n\n\n<h3 class=\"wp-block-heading has-dark-blue-color has-text-color\">Wnioski o zapewnienie dost\u0119pno\u015bci<\/h3>\n\n\n\n<div class=\"wp-block-group is-vertical is-layout-flex wp-container-core-group-is-layout-8cf370e7 wp-block-group-is-layout-flex\" style=\"font-size:1.4em\">\n<div class=\"wp-block-file\"><a id=\"wp-block-file--media-ee3b5fb1-2f53-4fc2-bedc-7c4f57b5e580\" href=\"http:\/\/zsp3.pl\/wp-content\/uploads\/2022\/11\/wniosek-dd.pdf\">Wniosek o zapewnienie dost\u0119pno\u015bci<\/a><\/div>\n\n\n\n<div class=\"wp-block-file\"><a id=\"wp-block-file--media-ee3b5fb1-2f53-4fc2-bedc-7c4f57b5e580\" href=\"http:\/\/zsp3.pl\/wp-content\/uploads\/2022\/11\/wniosek_c-dd.pdf\">Wniosek o zapewnienie dost\u0119pno\u015bci cyfrowej<\/a><\/div>\n<\/div>\n\n\n\n<hr class=\"wp-block-separator has-alpha-channel-opacity has-luminous-dusk-gradient-background has-background is-style-wide\"\/>\n\n\n\n<h3 class=\"wp-block-heading has-dark-blue-color has-text-color\">Deklaracja dost\u0119pno\u015bci strony internetowej Zespo\u0142u Szk\u00f3\u0142 Nr 3 im. Stanis\u0142awa Staszica we W\u0142oszczowie<\/h3>\n\n\n\n<p>Zesp\u00f3\u0142 Szk\u00f3\u0142 Nr 3 im. Stanis\u0142awa Staszica we W\u0142oszczowie zobowi\u0105zuje si\u0119 zapewni\u0107 dost\u0119pno\u015b\u0107 strony internetowej zsp3.pl zgodnie z przepisami ustawy z dnia 4 kwietnia 2019 r. o dost\u0119pno\u015bci cyfrowej stron internetowych i aplikacji mobilnych podmiot\u00f3w publicznych. Strona internetowa Zespo\u0142u Szk\u00f3\u0142 Nr 3 im. Stanis\u0142awa Staszica we W\u0142oszczowie zosta\u0142a zaprojektowana zgodnie z zasadami opisanymi w ustawie z dnia 4 kwietnia 2019 r. o dost\u0119pno\u015bci cyfrowej stron internetowych i aplikacji mobilnych podmiot\u00f3w publicznych.<br>Dost\u0119pno\u015b\u0107 cyfrowa strony internetowej polega na zapewnieniu funkcjonalno\u015bci, kompatybilno\u015bci, postrzegalno\u015bci i zrozumia\u0142o\u015bci.<\/p>\n\n\n\n<p>\u2022 Data publikacji strony : 2001-09-01<br>\u2022 Data ostatniej istotnej aktualizacji: 2023-02-12<\/p>\n\n\n\n<p><strong>Status pod wzgl\u0119dem zgodno\u015bci z ustaw\u0105.<\/strong><br>Strona internetowa Zespo\u0142u Szk\u00f3\u0142 Nr 3 im. Stanis\u0142awa Staszica we W\u0142oszczowie jest cz\u0119\u015bciowo zgodna z ustaw\u0105 o dost\u0119pno\u015bci cyfrowej stron internetowych i aplikacji mobilnych podmiot\u00f3w publicznych z powodu niezgodno\u015bci lub wy\u0142\u0105cze\u0144 wymienionych poni\u017cej.<\/p>\n\n\n\n<p><strong>Tre\u015bci niedost\u0119pne<\/strong><br>\u2022 Pliki PDF, DOC itp. &#8211; redaktorzy staraj\u0105 si\u0119 ograniczy\u0107 do minimum korzystanie z takich plik\u00f3w i osadza\u0107 teksty bezpo\u015brednio w serwisie. Odr\u0119bn\u0105 kwesti\u0105 jest poprawne formatowanie plik\u00f3w tak, by by\u0142y one dost\u0119pne (np. powinny posiada\u0107 struktur\u0119 znacznik\u00f3w, czyli tagowanie).<br>\u2022 Serwis zawiera dokumenty PDF, kt\u00f3re powsta\u0142y na podstawie \u017ale przygotowanych dokument\u00f3w word (nie ma w nich dobrze zaznaczonej logicznej struktury) &#8211; lub s\u0105 skanami dokument\u00f3w. W miar\u0119 mo\u017cliwo\u015bci b\u0119dziemy to poprawia\u0107, oraz dok\u0142ada\u0107 stara\u0144 by nowe dokumenty przygotowywane by\u0142y poprawnie.<br>\u2022 Nieczytelne przez czytniki ekranu dokumenty PDF u\u017cytkownicy mog\u0105 rozpozna\u0107 narz\u0119dziem OCR.<br>\u2022 Cz\u0119\u015b\u0107 z opublikowanych zdj\u0119\u0107 nie posiada opisu alternatywnego, maj\u0105 one charakter promocyjny i nie s\u0105 wykorzystywane do realizacji bie\u017c\u0105cych zada\u0144.<\/p>\n\n\n\n<p><strong>Wy\u0142\u0105czenia<\/strong><br>\u2022 Zamieszczone na stronie publikacje w formie plik\u00f3w PDF nie s\u0105 dost\u0119pne cyfrowo w ca\u0142o\u015bci.<br>Przygotowanie deklaracji w sprawie dost\u0119pno\u015bci<br>\u2022 Niniejsze o\u015bwiadczenie sporz\u0105dzono dnia: 2025-02-01<br>\u2022 O\u015bwiadczenie zosta\u0142o ostatnio poddane przegl\u0105dowi w dniu: 2020-09-10<br>Deklaracj\u0119 sporz\u0105dzono na podstawie samooceny przeprowadzonej przez podmiot publiczny.<\/p>\n\n\n\n<hr class=\"wp-block-separator has-alpha-channel-opacity has-luminous-dusk-gradient-background has-background is-style-wide\"\/>\n\n\n\n<h3 class=\"wp-block-heading has-dark-blue-color has-text-color\">Informacje zwrotne i dane kontaktowe<\/h3>\n\n\n\n<p>Osob\u0105 odpowiedzialn\u0105 za kontakt w sprawie niedost\u0119pno\u015bci jest Tomasz Pilarski , e-mail: Tomasz.Pilarski@zsp3.pl , telefon: 413942777 Ka\u017cdy ma prawo do wyst\u0105pienia z \u017c\u0105daniem zapewnienia dost\u0119pno\u015bci cyfrowej strony internetowej, aplikacji mobilnej lub jakiego\u015b ich elementu. Mo\u017cna tak\u017ce za\u017c\u0105da\u0107 udost\u0119pnienia informacji w formach alternatywnych, na przyk\u0142ad odczytanie niedost\u0119pnego cyfrowo dokumentu, opisania zawarto\u015bci filmu bez audiodeskrypcji itp. \u017b\u0105danie powinno zawiera\u0107 dane osoby zg\u0142aszaj\u0105cej \u017c\u0105danie, wskazanie, o kt\u00f3r\u0105 stron\u0119 internetow\u0105 lub aplikacj\u0119 mobiln\u0105 chodzi oraz spos\u00f3b kontaktu. Je\u017celi osoba \u017c\u0105daj\u0105ca zg\u0142asza potrzeb\u0119 otrzymania informacji w formie alternatywnej, powinna tak\u017ce okre\u015bli\u0107 form\u0119 tej informacji. Podmiot publiczny powinien zrealizowa\u0107 \u017c\u0105danie niezw\u0142ocznie i nie p\u00f3\u017aniej, ni\u017c w ci\u0105gu 7 dni. Je\u017celi dotrzymanie tego terminu nie jest mo\u017cliwe, podmiot publiczny niezw\u0142ocznie informuje o tym, kiedy realizacja \u017c\u0105dania b\u0119dzie mo\u017cliwa, przy czym termin ten nie mo\u017ce by\u0107 d\u0142u\u017cszy ni\u017c 2 miesi\u0105ce. Je\u017celi zapewnienie dost\u0119pno\u015bci nie jest mo\u017cliwe, podmiot publiczny mo\u017ce zaproponowa\u0107 alternatywny spos\u00f3b dost\u0119pu do informacji.<\/p>\n\n\n\n<hr class=\"wp-block-separator has-alpha-channel-opacity has-luminous-dusk-gradient-background has-background is-style-wide\"\/>\n\n\n\n<h3 class=\"wp-block-heading has-dark-blue-color has-text-color\">Dost\u0119pno\u015b\u0107 architektoniczna<\/h3>\n\n\n\n<p>\u2022 Wej\u015bcie g\u0142\u00f3wne do budynku szko\u0142y i internatu znajduje si\u0119 od strony ul. Wi\u015bniowej.<br>\u2022 Przy wej\u015bciu zlokalizowano podjazd dla os\u00f3b poruszaj\u0105cych si\u0119 na w\u00f3zkach.<br>\u2022 Nad wej\u015bciem nie ma g\u0142o\u015bnik\u00f3w systemu naprowadzaj\u0105cego d\u017awi\u0119kowo osoby niewidome i s\u0142abowidz\u0105ce.<br>\u2022 Dost\u0119p na wy\u017csze kondygnacje obiektu umo\u017cliwia klatka schodowa.<br>\u2022 Toaleta dla os\u00f3b poruszaj\u0105cych si\u0119 na w\u00f3zkach znajduje si\u0119 w korytarzu na parterze budynku szko\u0142y.<\/p>\n\n\n\n<p>\u2022 Platforma dla os\u00f3b poruszaj\u0105cych si\u0119 na w\u00f3zkach znajduje si\u0119 w korytarzu w budynku internatu.<\/p>\n\n\n\n<p>\u2022 Toaleta dla os\u00f3b poruszaj\u0105cych si\u0119 na w\u00f3zkach znajduje si\u0119 w korytarzu na parterze budynku internatu.<br>\u2022 W budynku nie ma p\u0119tli indukcyjnych oraz oznacze\u0144 w alfabecie Braillea ani oznacze\u0144 kontrastowych lub w druku powi\u0119kszonym dla os\u00f3b niewidomych i s\u0142abowidz\u0105cych.<\/p>\n\n\n\n<hr class=\"wp-block-separator has-alpha-channel-opacity has-luminous-dusk-gradient-background has-background is-style-wide\"\/>\n\n\n\n<h3 class=\"wp-block-heading has-dark-blue-color has-text-color\">Raporty o stanie zapewnienia dost\u0119pno\u015bci<\/h3>\n\n\n\n<div class=\"wp-block-group is-vertical is-layout-flex wp-container-core-group-is-layout-8cf370e7 wp-block-group-is-layout-flex\" style=\"font-size:1.4em\">\n<div class=\"wp-block-file\"><a id=\"wp-block-file--media-ee3b5fb1-2f53-4fc2-bedc-7c4f57b5e580\" href=\"http:\/\/zsp3.pl\/wp-content\/uploads\/2022\/11\/zespol-raport.pdf\">Zesp\u00f3\u0142 Szk\u00f3\u0142 nr 3<\/a><\/div>\n\n\n\n<div class=\"wp-block-file\"><a id=\"wp-block-file--media-b2e4fa13-2511-4052-8edb-a62b8cb17968\" href=\"http:\/\/zsp3.pl\/wp-content\/uploads\/2025\/04\/raport-liceum.pdf\">Liceum<\/a><\/div>\n\n\n\n<div class=\"wp-block-file\"><a id=\"wp-block-file--media-252d3711-cc06-44f0-8628-89a8779c73e4\" href=\"http:\/\/zsp3.pl\/wp-content\/uploads\/2025\/04\/raport-technikum.pdf\">Technikum<\/a><\/div>\n\n\n\n<div class=\"wp-block-file\"><a id=\"wp-block-file--media-74fe82bc-1ca9-460d-b6ea-f199377e43a9\" href=\"http:\/\/zsp3.pl\/wp-content\/uploads\/2025\/04\/raport-szkola-branzowa.pdf\">Szko\u0142a bran\u017cowa<\/a><\/div>\n\n\n\n<div class=\"wp-block-file\"><a id=\"wp-block-file--media-9491f858-517b-474c-b17f-3ce4fedad2aa\" href=\"http:\/\/zsp3.pl\/wp-content\/uploads\/2025\/04\/raport-internat.pdf\">Internat<\/a><\/div>\n<\/div>\n\n\n\n<hr class=\"wp-block-separator has-alpha-channel-opacity has-luminous-dusk-gradient-background has-background is-style-wide\"\/>\n\n\n\n<h3 class=\"wp-block-heading\">Plan dzia\u0142ania na rzecz poprawy zapewnienia dost\u0119pno\u015bci<\/h3>\n\n\n\n<div class=\"wp-block-file\"><a id=\"wp-block-file--media-b20e8b31-5a68-4079-8322-5678d44c38dc\" href=\"http:\/\/zsp3.pl\/wp-content\/uploads\/2023\/07\/Plan_dzialania_na_rzecz_poprawy_zapewnienia_d.pdf\">Plan_dzialania<\/a><a href=\"http:\/\/zsp3.pl\/wp-content\/uploads\/2023\/07\/Plan_dzialania_na_rzecz_poprawy_zapewnienia_d.pdf\" class=\"wp-block-file__button wp-element-button\" download aria-describedby=\"wp-block-file--media-b20e8b31-5a68-4079-8322-5678d44c38dc\">Pobierz<\/a><\/div>\n","protected":false},"excerpt":{"rendered":"<p>Wnioski o zapewnienie dost\u0119pno\u015bci Deklaracja dost\u0119pno\u015bci strony internetowej Zespo\u0142u Szk\u00f3\u0142 Nr 3 im. Stanis\u0142awa Staszica we W\u0142oszczowie Zesp\u00f3\u0142 Szk\u00f3\u0142 Nr [&hellip;]<\/p>\n","protected":false},"author":3,"featured_media":0,"parent":0,"menu_order":0,"comment_status":"closed","ping_status":"closed","template":"","meta":{"footnotes":""},"class_list":["post-321","page","type-page","status-publish","hentry"],"_links":{"self":[{"href":"http:\/\/zsp3.pl\/index.php?rest_route=\/wp\/v2\/pages\/321","targetHints":{"allow":["GET"]}}],"collection":[{"href":"http:\/\/zsp3.pl\/index.php?rest_route=\/wp\/v2\/pages"}],"about":[{"href":"http:\/\/zsp3.pl\/index.php?rest_route=\/wp\/v2\/types\/page"}],"author":[{"embeddable":true,"href":"http:\/\/zsp3.pl\/index.php?rest_route=\/wp\/v2\/users\/3"}],"replies":[{"embeddable":true,"href":"http:\/\/zsp3.pl\/index.php?rest_route=%2Fwp%2Fv2%2Fcomments&post=321"}],"version-history":[{"count":17,"href":"http:\/\/zsp3.pl\/index.php?rest_route=\/wp\/v2\/pages\/321\/revisions"}],"predecessor-version":[{"id":5871,"href":"http:\/\/zsp3.pl\/index.php?rest_route=\/wp\/v2\/pages\/321\/revisions\/5871"}],"wp:attachment":[{"href":"http:\/\/zsp3.pl\/index.php?rest_route=%2Fwp%2Fv2%2Fmedia&parent=321"}],"curies":[{"name":"wp","href":"https:\/\/api.w.org\/{rel}","templated":true}]}}