{"id":726,"date":"2022-12-15T10:29:11","date_gmt":"2022-12-15T10:29:11","guid":{"rendered":"http:\/\/194.31.36.101\/?page_id=726"},"modified":"2026-02-25T17:43:22","modified_gmt":"2026-02-25T17:43:22","slug":"sport","status":"publish","type":"page","link":"http:\/\/zsp3.pl\/?page_id=726","title":{"rendered":"Sport"},"content":{"rendered":"\n<p><strong>Walentynkowy Turniej Pi\u0142ki Siatkowej w \u201eStaszicu\u201d!!!\u00a0<\/strong><\/p>\n\n\n\n<figure class=\"wp-block-image size-large\"><img loading=\"lazy\" decoding=\"async\" width=\"1024\" height=\"768\" src=\"http:\/\/zsp3.pl\/wp-content\/uploads\/2026\/02\/1000024974-1-1024x768.jpg\" alt=\"\" class=\"wp-image-7712\" srcset=\"http:\/\/zsp3.pl\/wp-content\/uploads\/2026\/02\/1000024974-1-1024x768.jpg 1024w, http:\/\/zsp3.pl\/wp-content\/uploads\/2026\/02\/1000024974-1-300x225.jpg 300w, http:\/\/zsp3.pl\/wp-content\/uploads\/2026\/02\/1000024974-1-768x576.jpg 768w, http:\/\/zsp3.pl\/wp-content\/uploads\/2026\/02\/1000024974-1-1536x1152.jpg 1536w, http:\/\/zsp3.pl\/wp-content\/uploads\/2026\/02\/1000024974-1-600x450.jpg 600w, http:\/\/zsp3.pl\/wp-content\/uploads\/2026\/02\/1000024974-1.jpg 2048w\" sizes=\"(max-width: 1024px) 100vw, 1024px\" \/><\/figure>\n\n\n\n<p>\u2002\u2002\u2002\u2002W dn. 16.02.26 r.&nbsp; W &#8222;Staszicu&#8221; sportowych emocji nie brakowa\u0142o! Wszyscy wiedz\u0105, \u017ce siatk\u00f3wka i Walentynki to duet idealny!<\/p>\n\n\n\n<p>Uczestnicy sportowych zmaga\u0144 byli bardzo waleczni, mieszane damsko-m\u0119skie sk\u0142ady \u015bwietnie wsp\u00f3\u0142pracowa\u0142y, a kibice mieli du\u017co rado\u015bci i dzielnie wspierali swoich ulubionych graczy przy d\u017awi\u0119kach walentynkowych hit\u00f3w!&nbsp;<\/p>\n\n\n\n<p>\u2002\u2002\u2002\u2002Do walki stan\u0119\u0142o 5 ekip o bardzo interesuj\u0105cych nazwach! Parkiet p\u0142on\u0105\u0142, a walka o ka\u017cd\u0105 pi\u0142k\u0119 by\u0142a niesamowita!&nbsp;<\/p>\n\n\n\n<p>Turniej rozpocz\u0119\u0142a faza grupowa, a potem wielkie fina\u0142y, w kt\u00f3rych ka\u017cdy gra\u0142 o konkretne miejsce w rankingu. Poziom rozgrywek by\u0142 kosmiczny!&nbsp;<\/p>\n\n\n\n<p>A oto wyniki:<\/p>\n\n\n\n<p>&nbsp;I miejsce: Krokodylki OHGS<\/p>\n\n\n\n<p>&nbsp;II Miejsce: Warzywo Gaming<\/p>\n\n\n\n<p>&nbsp;III Miejsce: The Best<\/p>\n\n\n\n<p>MVP Turnieju:&nbsp;<\/p>\n\n\n\n<ul class=\"wp-block-list\">\n<li>Maja Ruci\u0144ska<\/li>\n\n\n\n<li>Maciej Gusta<\/li>\n<\/ul>\n\n\n\n<p>\u2002\u2002\u2002\u2002Wielkie brawa dla zwyci\u0119zc\u00f3w, ale te\u017c dla absolutnie ka\u017cdego, kto zaserwowa\u0142 nam tak\u0105 dawk\u0119 sportowej energii! Sportow\u0105 imprez\u0119 zorganizowali i s\u0119dziowali nauczyciele wychowania fizycznego, panowie: Pawe\u0142 Bielawski i Mariusz Ochenduszka.<\/p>\n\n\n\n<p>Nagrody ufundowali nasi starsi koledzy z teamu &#8222;Oldboys W\u0142oszczowa&#8221;. Dzi\u0119kujemy panu Paw\u0142owi Bielawskiemu za wsparcie i zaanga\u017cowanie!&nbsp;<\/p>\n\n\n\n<p>To by\u0142 dzie\u0144 pe\u0142en emocji, sportowej rywalizacji i pozytywnej energii! Do zobaczenia na kolejnych turniejach!<\/p>\n\n\n\n<div class=\"wp-block-query is-layout-flow wp-block-query-is-layout-flow\"><ul class=\"wp-block-post-template is-layout-flow wp-block-post-template-is-layout-flow\"><li class=\"wp-block-post post-6181 post type-post status-publish format-standard has-post-thumbnail hentry category-informacja category-konkurs category-sport\">\n<h2 style=\"text-transform:capitalize;\" class=\"wp-block-post-title\">&#8222;Staszic&#8221; Najlepszy!!!!\u00a0<\/h2>\n\n<div class=\"wp-block-post-date\"><time datetime=\"2025-04-24T21:28:38+00:00\">24 kwietnia, 2025<\/time><\/div>\n\n<div class=\"entry-content wp-block-post-content is-layout-flow wp-block-post-content-is-layout-flow\"><div class=\"wp-block-image\">\n<figure class=\"aligncenter size-large\"><img fetchpriority=\"high\" fetchpriority=\"high\" decoding=\"async\" width=\"1024\" height=\"768\" src=\"http:\/\/zsp3.pl\/wp-content\/uploads\/2025\/04\/1000013152-1024x768.jpg\" alt=\"\" class=\"wp-image-6183\" srcset=\"http:\/\/zsp3.pl\/wp-content\/uploads\/2025\/04\/1000013152-1024x768.jpg 1024w, http:\/\/zsp3.pl\/wp-content\/uploads\/2025\/04\/1000013152-300x225.jpg 300w, http:\/\/zsp3.pl\/wp-content\/uploads\/2025\/04\/1000013152-768x576.jpg 768w, http:\/\/zsp3.pl\/wp-content\/uploads\/2025\/04\/1000013152-600x450.jpg 600w, http:\/\/zsp3.pl\/wp-content\/uploads\/2025\/04\/1000013152.jpg 1080w\" sizes=\"(max-width: 1024px) 100vw, 1024px\" \/><\/figure>\n<\/div>\n\n<div class=\"wp-block-image\">\n<figure class=\"aligncenter size-large\"><img decoding=\"async\" width=\"1024\" height=\"768\" src=\"http:\/\/zsp3.pl\/wp-content\/uploads\/2025\/04\/1000013154-1024x768.jpg\" alt=\"\" class=\"wp-image-6182\" srcset=\"http:\/\/zsp3.pl\/wp-content\/uploads\/2025\/04\/1000013154-1024x768.jpg 1024w, http:\/\/zsp3.pl\/wp-content\/uploads\/2025\/04\/1000013154-300x225.jpg 300w, http:\/\/zsp3.pl\/wp-content\/uploads\/2025\/04\/1000013154-768x576.jpg 768w, http:\/\/zsp3.pl\/wp-content\/uploads\/2025\/04\/1000013154-600x450.jpg 600w, http:\/\/zsp3.pl\/wp-content\/uploads\/2025\/04\/1000013154.jpg 1080w\" sizes=\"(max-width: 1024px) 100vw, 1024px\" \/><\/figure>\n<\/div>\n\n\n<p>&nbsp;W dn.16. 04. 2025 r. w naszej szkole odby\u0142 si\u0119 Turniej o Puchar Dyrektora PCK-R w ramach XVII Grand Prix Powiatu W\u0142oszczowskiego w Pi\u0142ce Siatkowej Ch\u0142opc\u00f3w. Zdobyli\u015bmy w nim Mistrzostwo!!!&nbsp;<\/p>\n\n\n\n<p>Wygrywamy Turniej o Puchar Dyrektora PCKR we W\u0142oszczowie oraz ca\u0142e XVII Grand Prix Powiatu W\u0142oszczowskiego w Pi\u0142ce Siatkowej Ch\u0142opc\u00f3w pod Patronatem Starosty W\u0142oszczowskiego Pana Dariusza Czechowskiego!!!<\/p>\n\n\n\n<p>Wyniki rozgrywek przedstawiaj\u0105 si\u0119 nast\u0119puj\u0105co:<\/p>\n\n\n\n<p>I miejsce &#8211; ZS nr 3 im. Stanis\u0142awa Staszica we W\u0142oszczowie&nbsp;<\/p>\n\n\n\n<p>II miejsce &#8211; ZS nr 2 im. Hetmana Stefana Czarnieckiego we W\u0142oszczowie&nbsp;<\/p>\n\n\n\n<p>III miejsce &#8211; Liceum Og\u00f3lnokszta\u0142c\u0105ce im. gen. W\u0142adys\u0142awa Sikorskiego we W\u0142oszczowie.<\/p>\n\n\n\n<p>Damian Barczy\u0144ski &#8211; Najlepszy Przyjmuj\u0105cy<\/p>\n\n\n\n<p>Micha\u0142 Sza\u0142owski &#8211; MVP<\/p>\n\n\n\n<p>Klasyfikacja og\u00f3lna:<\/p>\n\n\n\n<p>I miejsce &#8211; ZS nr 3 im. Stanis\u0142awa Staszica we W\u0142oszczowie&nbsp;<\/p>\n\n\n\n<p>II miejsce &#8211; Liceum Og\u00f3lnokszta\u0142c\u0105ce im. gen. W\u0142adys\u0142awa Sikorskiego we W\u0142oszczowie<\/p>\n\n\n\n<p>III miejsce &#8211; ZS nr 2 im. Hetmana Stefana Czarnieckiego we W\u0142oszczowie&nbsp;<\/p>\n\n\n\n<p>Nagrody pieni\u0119\u017cne &nbsp;w klasyfikacji og\u00f3lnej ufundowa\u0142 Starosta W\u0142oszczowski.<\/p>\n\n\n\n<p>Gratulujemy wszystkim zawodnikom&nbsp;wspania\u0142ej rywalizacji!!!<\/p>\n<\/div>\n\n\n<hr class=\"wp-block-separator has-alpha-channel-opacity has-vivid-cyan-blue-to-vivid-purple-gradient-background has-background is-style-wide\"\/>\n\n<\/li><li class=\"wp-block-post post-5738 post type-post status-publish format-standard has-post-thumbnail hentry category-konkurs category-sport category-wydarzenie\">\n<h2 style=\"text-transform:capitalize;\" class=\"wp-block-post-title\">Mistrzostwa Szko\u0142y w Wyciskaniu Sztangi<\/h2>\n\n<div class=\"wp-block-post-date\"><time datetime=\"2025-03-30T20:44:19+00:00\">30 marca, 2025<\/time><\/div>\n\n<div class=\"entry-content wp-block-post-content is-layout-flow wp-block-post-content-is-layout-flow\"><div class=\"wp-block-image\">\n<figure class=\"aligncenter size-large\"><img decoding=\"async\" width=\"1024\" height=\"768\" src=\"http:\/\/zsp3.pl\/wp-content\/uploads\/2025\/03\/1000012542-1024x768.jpg\" alt=\"Mistrzostwa Szko\u0142y w Wyciskaniu Sztangi\" class=\"wp-image-5739\" srcset=\"http:\/\/zsp3.pl\/wp-content\/uploads\/2025\/03\/1000012542-1024x768.jpg 1024w, http:\/\/zsp3.pl\/wp-content\/uploads\/2025\/03\/1000012542-300x225.jpg 300w, http:\/\/zsp3.pl\/wp-content\/uploads\/2025\/03\/1000012542-768x576.jpg 768w, http:\/\/zsp3.pl\/wp-content\/uploads\/2025\/03\/1000012542-600x450.jpg 600w, http:\/\/zsp3.pl\/wp-content\/uploads\/2025\/03\/1000012542.jpg 1080w\" sizes=\"(max-width: 1024px) 100vw, 1024px\" \/><\/figure>\n<\/div>\n\n\n<p>&nbsp;\u2002\u2002\u2002\u2002\u2002W czwartek, 27.03.25 r. , w naszej szkole odby\u0142y si\u0119 odby\u0142y si\u0119 Mistrzostwa w Wyciskaniu Sztangi Le\u017c\u0105c. Wzi\u0119\u0142o w nich udzia\u0142 14 Zawodnik\u00f3w, a wyniki przedstawiaj\u0105 si\u0119 nast\u0119puj\u0105co:&nbsp;<\/p>\n\n\n\n<ol start=\"1\" class=\"wp-block-list\">\n<li>Kategoria do 57 kg wagi cia\u0142a:<\/li>\n<\/ol>\n\n\n\n<p>1. Nikodem Barabasz I b BS &#8211; ci\u0119\u017car 90 kg&nbsp;<\/p>\n\n\n\n<p>&nbsp; &nbsp;II.&nbsp;Kategoria do 66 kg wagi cia\u0142a:<\/p>\n\n\n\n<p>1. Igor Kucharski 3 Tel &#8211; ci\u0119\u017car 90 kg&nbsp;<\/p>\n\n\n\n<p>III. Kategoria do 74 kg wagi cia\u0142a:<\/p>\n\n\n\n<p>1. Wiktor Wasik II b LO &#8211; ci\u0119\u017car 100 kg&nbsp;<\/p>\n\n\n\n<p>1. Jakub Kosi\u0144ski 5 Tinf &#8211; ci\u0119\u017car 100 kg<\/p>\n\n\n\n<p>3. Szymon Bartos II b LO &#8211; ci\u0119\u017car 85 kg<\/p>\n\n\n\n<p>IV. Kategoria do 83 kg wagi cia\u0142a:<\/p>\n\n\n\n<p>1. Szymon Rajca 5 Teh &#8211; ci\u0119\u017car 110 kg&nbsp;<\/p>\n\n\n\n<p>2. Marcin Lipniak 5 Ti &#8211; ci\u0119\u017car 110 kg&nbsp;<\/p>\n\n\n\n<p>3. Patryk Kaba\u0142a II Tib &#8211; ci\u0119\u017car 105 kg<\/p>\n\n\n\n<p>V. Kategoria do 93 kg wagi cia\u0142a:<\/p>\n\n\n\n<p>1. Jakub \u0141\u0105czek 5 T blh &#8211; ci\u0119\u017car 120 kg<\/p>\n\n\n\n<p>2. Marcel Majchrzak &#8211; ci\u0119\u017car 115 kg&nbsp;<\/p>\n\n\n\n<p>3. Kamil Gaw\u0142owski 5 Ti &#8211; ci\u0119\u017car 105 kg&nbsp;<\/p>\n\n\n\n<p>VI. Kategoria powy\u017cej 93 kg wagi cia\u0142a:<\/p>\n\n\n\n<p>1. Miko\u0142aj Wieczorek 5 Tm\u017c &#8211; ci\u0119\u017car 115 kg&nbsp;<\/p>\n<\/div>\n\n\n<hr class=\"wp-block-separator has-alpha-channel-opacity has-vivid-cyan-blue-to-vivid-purple-gradient-background has-background is-style-wide\"\/>\n\n<\/li><li class=\"wp-block-post post-4772 post type-post status-publish format-standard has-post-thumbnail hentry category-informacja category-konkurs category-sport category-wydarzenie\">\n<h2 style=\"text-transform:capitalize;\" class=\"wp-block-post-title\">Mistrzostwa Szko\u0142y w Tenisie Sto\u0142owym<\/h2>\n\n<div class=\"wp-block-post-date\"><time datetime=\"2024-11-05T21:09:00+00:00\">5 listopada, 2024<\/time><\/div>\n\n<div class=\"entry-content wp-block-post-content is-layout-flow wp-block-post-content-is-layout-flow\">\n<figure class=\"wp-block-image size-large\"><img loading=\"lazy\" loading=\"lazy\" decoding=\"async\" width=\"1024\" height=\"768\" src=\"http:\/\/zsp3.pl\/wp-content\/uploads\/2024\/11\/1000008501-1024x768.jpg\" alt=\"\" class=\"wp-image-4774\" srcset=\"http:\/\/zsp3.pl\/wp-content\/uploads\/2024\/11\/1000008501-1024x768.jpg 1024w, http:\/\/zsp3.pl\/wp-content\/uploads\/2024\/11\/1000008501-300x225.jpg 300w, http:\/\/zsp3.pl\/wp-content\/uploads\/2024\/11\/1000008501-768x576.jpg 768w, http:\/\/zsp3.pl\/wp-content\/uploads\/2024\/11\/1000008501-600x450.jpg 600w, http:\/\/zsp3.pl\/wp-content\/uploads\/2024\/11\/1000008501.jpg 1080w\" sizes=\"auto, (max-width: 1024px) 100vw, 1024px\" \/><\/figure>\n\n\n\n<figure class=\"wp-block-image size-large\"><img loading=\"lazy\" loading=\"lazy\" decoding=\"async\" width=\"1024\" height=\"768\" src=\"http:\/\/zsp3.pl\/wp-content\/uploads\/2024\/11\/1000008500-1024x768.jpg\" alt=\"\" class=\"wp-image-4773\" srcset=\"http:\/\/zsp3.pl\/wp-content\/uploads\/2024\/11\/1000008500-1024x768.jpg 1024w, http:\/\/zsp3.pl\/wp-content\/uploads\/2024\/11\/1000008500-300x225.jpg 300w, http:\/\/zsp3.pl\/wp-content\/uploads\/2024\/11\/1000008500-768x576.jpg 768w, http:\/\/zsp3.pl\/wp-content\/uploads\/2024\/11\/1000008500-600x450.jpg 600w, http:\/\/zsp3.pl\/wp-content\/uploads\/2024\/11\/1000008500.jpg 1080w\" sizes=\"auto, (max-width: 1024px) 100vw, 1024px\" \/><\/figure>\n\n\n\n<p>\u2002\u2002\u2002\u2002\u2002\u2002W dn. 30.10.24 r. w &#8222;Staszicu&#8221; odby\u0142y si\u0119 Mistrzostwa Szko\u0142y w Tenisie Sto\u0142owym. Po zaci\u0119tym boju wyniki przedstawiaj\u0105 si\u0119 nast\u0119puj\u0105co:<\/p>\n\n\n\n<ol start=\"1\" class=\"wp-block-list\">\n<li>Kategoria dziewcz\u0105t:<\/li>\n<\/ol>\n\n\n\n<ol start=\"1\" class=\"wp-block-list\">\n<li>Ma\u0142gorzata Wi\u0119ckowska<\/li>\n\n\n\n<li>Natalia Serafin<\/li>\n\n\n\n<li>Zuzanna Wojtczyk<\/li>\n\n\n\n<li>Agnieszka Nowak<\/li>\n\n\n\n<li>Maja Wrze\u015bniewska<\/li>\n\n\n\n<li>Karolina Jaworska<\/li>\n<\/ol>\n\n\n\n<p>&nbsp; &nbsp; &nbsp; II. Kategoria ch\u0142opc\u00f3w:<\/p>\n\n\n\n<ol start=\"1\" class=\"wp-block-list\">\n<li>Kuba Wrona<\/li>\n\n\n\n<li>Kamil Po\u015bpiech<\/li>\n\n\n\n<li>Kacper Ciesielski<\/li>\n\n\n\n<li>Wiktor Rumin<\/li>\n\n\n\n<li>\u00a0i 6. (ex aequo) Wojciech Jaworski i Piotr Cisowski<\/li>\n<\/ol>\n\n\n\n<p>Gratulujemy zwyci\u0119zcom!<\/p>\n<\/div>\n\n\n<hr class=\"wp-block-separator has-alpha-channel-opacity has-vivid-cyan-blue-to-vivid-purple-gradient-background has-background is-style-wide\"\/>\n\n<\/li><\/ul>\n\n<nav class=\"wp-block-query-pagination is-horizontal is-content-justification-center is-layout-flex wp-container-core-query-pagination-is-layout-769315fb wp-block-query-pagination-is-layout-flex\" aria-label=\"Stronicowanie\">\n\n\n<div class=\"wp-block-query-pagination-numbers\"><span aria-current=\"page\" class=\"page-numbers current\">1<\/span>\n<a class=\"page-numbers\" href=\"?query-8-page=2&#038;rest_route=%2Fwp%2Fv2%2Fpages%2F726\">2<\/a>\n<a class=\"page-numbers\" href=\"?query-8-page=3&#038;rest_route=%2Fwp%2Fv2%2Fpages%2F726\">3<\/a>\n<a class=\"page-numbers\" href=\"?query-8-page=4&#038;rest_route=%2Fwp%2Fv2%2Fpages%2F726\">4<\/a><\/div>\n\n<a href=\"\/index.php?rest_route=%2Fwp%2Fv2%2Fpages%2F726&#038;query-8-page=2\" class=\"wp-block-query-pagination-next\">Nast\u0119pna strona<span class='wp-block-query-pagination-next-arrow is-arrow-arrow' aria-hidden='true'>\u2192<\/span><\/a>\n<\/nav>\n\n<\/div>\n","protected":false},"excerpt":{"rendered":"<p>Walentynkowy Turniej Pi\u0142ki Siatkowej w \u201eStaszicu\u201d!!!\u00a0 \u2002\u2002\u2002\u2002W dn. 16.02.26 r.&nbsp; W &#8222;Staszicu&#8221; sportowych emocji nie brakowa\u0142o! Wszyscy wiedz\u0105, \u017ce siatk\u00f3wka [&hellip;]<\/p>\n","protected":false},"author":3,"featured_media":0,"parent":0,"menu_order":0,"comment_status":"closed","ping_status":"closed","template":"","meta":{"footnotes":""},"class_list":["post-726","page","type-page","status-publish","hentry"],"_links":{"self":[{"href":"http:\/\/zsp3.pl\/index.php?rest_route=\/wp\/v2\/pages\/726","targetHints":{"allow":["GET"]}}],"collection":[{"href":"http:\/\/zsp3.pl\/index.php?rest_route=\/wp\/v2\/pages"}],"about":[{"href":"http:\/\/zsp3.pl\/index.php?rest_route=\/wp\/v2\/types\/page"}],"author":[{"embeddable":true,"href":"http:\/\/zsp3.pl\/index.php?rest_route=\/wp\/v2\/users\/3"}],"replies":[{"embeddable":true,"href":"http:\/\/zsp3.pl\/index.php?rest_route=%2Fwp%2Fv2%2Fcomments&post=726"}],"version-history":[{"count":6,"href":"http:\/\/zsp3.pl\/index.php?rest_route=\/wp\/v2\/pages\/726\/revisions"}],"predecessor-version":[{"id":7713,"href":"http:\/\/zsp3.pl\/index.php?rest_route=\/wp\/v2\/pages\/726\/revisions\/7713"}],"wp:attachment":[{"href":"http:\/\/zsp3.pl\/index.php?rest_route=%2Fwp%2Fv2%2Fmedia&parent=726"}],"curies":[{"name":"wp","href":"https:\/\/api.w.org\/{rel}","templated":true}]}}