{"id":8354,"date":"2026-05-08T09:28:04","date_gmt":"2026-05-08T09:28:04","guid":{"rendered":"http:\/\/zsp3.pl\/?page_id=8354"},"modified":"2026-05-08T09:36:49","modified_gmt":"2026-05-08T09:36:49","slug":"nowe-komputery-przenosne-laptopy-i-laptopy-przegladarkowe-oraz-tablety-do-dyspozycji-uczniow-z-srodkow-kpo","status":"publish","type":"page","link":"http:\/\/zsp3.pl\/?page_id=8354","title":{"rendered":"Nowe komputery przeno\u015bne (laptopy i laptopy przegl\u0105darkowe) oraz tablety do dyspozycji uczni\u00f3w z \u015brodk\u00f3w KPO"},"content":{"rendered":"\n<figure class=\"wp-block-image size-large\"><img fetchpriority=\"high\" decoding=\"async\" width=\"1024\" height=\"686\" src=\"http:\/\/zsp3.pl\/wp-content\/uploads\/2026\/05\/kpo_lap-1024x686.jpg\" alt=\"\" class=\"wp-image-8358\" srcset=\"http:\/\/zsp3.pl\/wp-content\/uploads\/2026\/05\/kpo_lap-1024x686.jpg 1024w, http:\/\/zsp3.pl\/wp-content\/uploads\/2026\/05\/kpo_lap-300x201.jpg 300w, http:\/\/zsp3.pl\/wp-content\/uploads\/2026\/05\/kpo_lap-768x514.jpg 768w, http:\/\/zsp3.pl\/wp-content\/uploads\/2026\/05\/kpo_lap.jpg 1211w\" sizes=\"(max-width: 1024px) 100vw, 1024px\" \/><\/figure>\n\n\n\n<p>Ministerstwo Cyfryzacji, we wsp\u00f3\u0142pracy z Ministerstwem Edukacji Narodowej, realizuje zadanie w ramach Krajowego Planu Odbudowy i Zwi\u0119kszania Odporno\u015bci (KPO).<\/p>\n\n\n\n<p>W ramach inwestycji C2.1.2 \u201eWyr\u00f3wnanie poziomu wyposa\u017cenia szk\u00f3\u0142 w przeno\u015bne urz\u0105dzenia multimedialne \u2013 inwestycje zwi\u0105zane ze spe\u0142nieniem minimalnych standard\u00f3w sprz\u0119towych\u201d, wska\u017anik C15G \u201eNowe komputery przeno\u015bne (laptopy, laptopy przegl\u0105darkowe i tablety) do dyspozycji uczni\u00f3w\u201d dostarczono do szk\u00f3\u0142 co najmniej 735 000 dodatkowych urz\u0105dze\u0144 cyfrowych, w tym laptop\u00f3w, laptop\u00f3w przegl\u0105darkowych oraz tablet\u00f3w, wyposa\u017conych w niezb\u0119dne oprogramowanie.<\/p>\n\n\n\n<p>Dzia\u0142anie to ma na celu wsparcie szk\u00f3\u0142 w osi\u0105gni\u0119ciu minimalnych standard\u00f3w technicznych, okre\u015blonych wska\u017anikiem C15G \u201eNowe komputery przeno\u015bne (laptopy, laptopy przegl\u0105darkowe i tablety) do dyspozycji uczni\u00f3w\u201d, a tak\u017ce wyr\u00f3wnanie szans edukacyjnych poprzez zapewnienie r\u00f3wnego dost\u0119pu do nowoczesnych narz\u0119dzi cyfrowych. Nowe wyposa\u017cenie nie tylko uatrakcyjni proces dydaktyczny, ale tak\u017ce umo\u017cliwi lepsze przygotowanie m\u0142odzie\u017cy do funkcjonowania w dynamicznie zmieniaj\u0105cym si\u0119 cyfrowym \u015bwiecie.<\/p>\n\n\n\n<p>Wsparcie w ramach programu otrzyma\u0142y nast\u0119puj\u0105ce szko\u0142y Zespo\u0142u Szk\u00f3\u0142 Nr 3 im. Stanis\u0142awa Staszica we W\u0142oszczowie:<\/p>\n\n\n\n<p>\u2022 III Liceum Og\u00f3lnokszta\u0142c\u0105ce z Oddzia\u0142ami Integracyjnymi we W\u0142oszczowie &#8211; 17 laptop\u00f3w na kwot\u0119 48 887,58 z\u0142, 5 laptop\u00f3w przegl\u0105darkowych na kwot\u0119 8 167,20 z\u0142, 10 tablet\u00f3w na kwot\u0119 15 473,40 z\u0142;<\/p>\n\n\n\n<p>\u2022 Technikum Nr 2 z Oddzia\u0142ami Integracyjnymi we W\u0142oszczowie &#8211; 86 laptop\u00f3w na kwot\u0119 247 313,64 z\u0142, 25 laptop\u00f3w przegl\u0105darkowych na kwot\u0119 40 836,00 z\u0142, 52 tablety na kwot\u0119 80 461,68 z\u0142;<\/p>\n\n\n\n<p>\u2022 Bran\u017cowa Szko\u0142a I Stopnia we W\u0142oszczowie &#8211; 86 laptop\u00f3w na kwot\u0119 247 313,64 z\u0142, 25 laptop\u00f3w przegl\u0105darkowych na kwot\u0119 40 836,00 z\u0142, 52 tablety na kwot\u0119 80 461,68 z\u0142;<\/p>\n\n\n\n<p>W dniu 23 grudnia 2025 r. Starosta W\u0142oszczowski Dariusz Czechowski i Wicestarosta \u0141ukasz Karpi\u0144ski podpisali z Dyrektor ZS Nr 3 we W\u0142oszczowie Mariol\u0105 Koz\u0105, umowy dotycz\u0105ce przekazania sprz\u0119tu zakupionego w ramach projektu<\/p>\n","protected":false},"excerpt":{"rendered":"<p>Ministerstwo Cyfryzacji, we wsp\u00f3\u0142pracy z Ministerstwem Edukacji Narodowej, realizuje zadanie w ramach Krajowego Planu Odbudowy i Zwi\u0119kszania Odporno\u015bci (KPO). W [&hellip;]<\/p>\n","protected":false},"author":1,"featured_media":0,"parent":0,"menu_order":0,"comment_status":"closed","ping_status":"closed","template":"","meta":{"footnotes":""},"class_list":["post-8354","page","type-page","status-publish","hentry"],"_links":{"self":[{"href":"http:\/\/zsp3.pl\/index.php?rest_route=\/wp\/v2\/pages\/8354","targetHints":{"allow":["GET"]}}],"collection":[{"href":"http:\/\/zsp3.pl\/index.php?rest_route=\/wp\/v2\/pages"}],"about":[{"href":"http:\/\/zsp3.pl\/index.php?rest_route=\/wp\/v2\/types\/page"}],"author":[{"embeddable":true,"href":"http:\/\/zsp3.pl\/index.php?rest_route=\/wp\/v2\/users\/1"}],"replies":[{"embeddable":true,"href":"http:\/\/zsp3.pl\/index.php?rest_route=%2Fwp%2Fv2%2Fcomments&post=8354"}],"version-history":[{"count":2,"href":"http:\/\/zsp3.pl\/index.php?rest_route=\/wp\/v2\/pages\/8354\/revisions"}],"predecessor-version":[{"id":8359,"href":"http:\/\/zsp3.pl\/index.php?rest_route=\/wp\/v2\/pages\/8354\/revisions\/8359"}],"wp:attachment":[{"href":"http:\/\/zsp3.pl\/index.php?rest_route=%2Fwp%2Fv2%2Fmedia&parent=8354"}],"curies":[{"name":"wp","href":"https:\/\/api.w.org\/{rel}","templated":true}]}}