{"id":934,"date":"2023-04-17T10:55:09","date_gmt":"2023-04-17T10:55:09","guid":{"rendered":"http:\/\/zsp3.pl\/?page_id=934"},"modified":"2026-01-02T10:32:46","modified_gmt":"2026-01-02T10:32:46","slug":"internat","status":"publish","type":"page","link":"http:\/\/zsp3.pl\/?page_id=934","title":{"rendered":"Internat"},"content":{"rendered":"\n<div class=\"wp-block-group\"><div class=\"wp-block-group__inner-container is-layout-constrained wp-block-group-is-layout-constrained\">\n<hr class=\"wp-block-separator has-alpha-channel-opacity has-luminous-dusk-gradient-background has-background is-style-wide\"\/>\n<\/div><\/div>\n\n\n\n<h2 class=\"wp-block-heading has-regular-font-size\" style=\"font-style:italic;font-weight:700\">KOMUNIKAT!<\/h2>\n\n\n\n<div class=\"wp-block-group\"><div class=\"wp-block-group__inner-container is-layout-constrained wp-block-group-is-layout-constrained\">\n<p>31 sierpnia 2025 r. (niedziela) Internat ZS Nr 3 b\u0119dzie czynny od godz. 18:00<\/p>\n\n\n\n<hr class=\"wp-block-separator has-alpha-channel-opacity has-luminous-dusk-gradient-background has-background is-style-wide\"\/>\n\n\n\n<p><strong>Internat<\/strong> stanowi integraln\u0105 cz\u0119\u015b\u0107 Zespo\u0142u Szk\u00f3\u0142 Nr 3 im. Stanis\u0142awa Staszica we W\u0142oszczowie. Budynek internatu jest dostosowany do potrzeb os\u00f3b niepe\u0142nosprawnych (podjazd zewn\u0119trzny, winda i \u0142azienki ) Internat jest koedukacyjny, mog\u0105cy pomie\u015bci\u0107 jednorazowo 108 uczni\u00f3w. Wychowankowie s\u0105 zakwaterowani w 3 lub 4 osobowych pokojach. W budynku internatu jest sto\u0142\u00f3wka, z kt\u00f3rej korzystaj\u0105 wychowankowie oraz pracownicy szko\u0142y.<\/p>\n\n\n\n<p><strong>Zadaniem<\/strong>&nbsp;<strong>internatu<\/strong> jest zapewnienie opieki wychowawczej m\u0142odzie\u017cy w okresie kszta\u0142cenia si\u0119 w szkole. Praca wychowawcza prowadzona jest w grupach. Celem plac\u00f3wki jest wszechstronny rozw\u00f3j wychowanka w atmosferze pe\u0142nej akceptacji, \u017cyczliwo\u015bci, troski i bezpiecze\u0144stwa.<\/p>\n\n\n\n<p><strong>Nasz internat<\/strong> posiada wspania\u0142\u0105 lokalizacj\u0119. W niedu\u017cej odleg\u0142o\u015bci znajduje si\u0119: Biedronka, Kino 3D, pizzeria, si\u0142ownia na powietrzu, stadion, basen.<\/p>\n<\/div><\/div>\n\n\n\n<div class=\"wp-block-group\"><div class=\"wp-block-group__inner-container is-layout-constrained wp-block-group-is-layout-constrained\">\n<hr class=\"wp-block-separator has-alpha-channel-opacity has-luminous-dusk-gradient-background has-background is-style-wide\"\/>\n\n\n\n<h3 class=\"wp-block-heading\">Koszty<\/h3>\n\n\n\n<p>Koszty utrzymania w naszym internacie:<\/p>\n\n\n\n<ul class=\"wp-block-list\">\n<li>zakwaterowanie 150,00 z\u0142<\/li>\n\n\n\n<li>wy\u017cywienie 20,00 z\u0142\n<ul class=\"wp-block-list\">\n<li>\u015bniadanie 6,00 z\u0142<\/li>\n\n\n\n<li>obiad 8,00 z\u0142<\/li>\n\n\n\n<li>kolacja 6,00 z\u0142<\/li>\n<\/ul>\n<\/li>\n<\/ul>\n\n\n\n<div class=\"wp-block-group is-vertical is-layout-flex wp-container-core-group-is-layout-8cf370e7 wp-block-group-is-layout-flex\">\n<p>Nr konta do przelewu za wy\u017cywienie i zakwaterowanie :<\/p>\n\n\n\n<ul class=\"wp-block-list\">\n<li>19852500020000001059360010<\/li>\n<\/ul>\n<\/div>\n\n\n\n<div class=\"wp-block-group is-vertical is-layout-flex wp-container-core-group-is-layout-8cf370e7 wp-block-group-is-layout-flex\" style=\"font-size:1.3em\">\n<figure class=\"wp-block-image size-full\"><img fetchpriority=\"high\" decoding=\"async\" width=\"565\" height=\"385\" src=\"http:\/\/zsp3.pl\/wp-content\/uploads\/2023\/04\/obraz-23.png\" alt=\"\" class=\"wp-image-951\" srcset=\"http:\/\/zsp3.pl\/wp-content\/uploads\/2023\/04\/obraz-23.png 565w, http:\/\/zsp3.pl\/wp-content\/uploads\/2023\/04\/obraz-23-300x204.png 300w\" sizes=\"(max-width: 565px) 100vw, 565px\" \/><\/figure>\n\n\n\n<div class=\"wp-block-file\"><a id=\"wp-block-file--media-72213e73-8a9a-4184-9a4d-4db5cd6cd640\" href=\"http:\/\/zsp3.pl\/wp-content\/uploads\/2023\/04\/druk_wplaty_pusty.png\" target=\"_blank\" rel=\"noreferrer noopener\">Kliknij, aby pobra\u0107 pusty druk wp\u0142aty<\/a><\/div>\n<\/div>\n\n\n\n<hr class=\"wp-block-separator has-alpha-channel-opacity has-luminous-dusk-gradient-background has-background is-style-wide\"\/>\n\n\n\n<h3 class=\"wp-block-heading\">Kontakt<\/h3>\n\n\n\n<div class=\"wp-block-columns is-layout-flex wp-container-core-columns-is-layout-9d6595d7 wp-block-columns-is-layout-flex\">\n<div class=\"wp-block-column is-layout-flow wp-block-column-is-layout-flow\">\n<p>Internat przy Zespole Szk\u00f3\u0142 nr 3 im. Stanis\u0142awa Staszica we W\u0142oszczowie<br>ul. Wi\u015bniowa 23a<br>29 &#8211; 100 W\u0142oszczowa<br>tel. +48 41 39 43 586<\/p>\n<\/div>\n\n\n\n<div class=\"wp-block-column is-layout-flow wp-block-column-is-layout-flow\"><div class=\"wp-block-image is-style-default\">\n<figure class=\"aligncenter size-full\"><img decoding=\"async\" width=\"426\" height=\"602\" src=\"http:\/\/zsp3.pl\/wp-content\/uploads\/2023\/04\/obraz-22.png\" alt=\"\" class=\"wp-image-941\" srcset=\"http:\/\/zsp3.pl\/wp-content\/uploads\/2023\/04\/obraz-22.png 426w, http:\/\/zsp3.pl\/wp-content\/uploads\/2023\/04\/obraz-22-212x300.png 212w\" sizes=\"(max-width: 426px) 100vw, 426px\" \/><\/figure>\n<\/div><\/div>\n<\/div>\n<\/div><\/div>\n","protected":false},"excerpt":{"rendered":"<p>KOMUNIKAT! 31 sierpnia 2025 r. (niedziela) Internat ZS Nr 3 b\u0119dzie czynny od godz. 18:00 Internat stanowi integraln\u0105 cz\u0119\u015b\u0107 Zespo\u0142u [&hellip;]<\/p>\n","protected":false},"author":3,"featured_media":937,"parent":0,"menu_order":0,"comment_status":"closed","ping_status":"closed","template":"","meta":{"footnotes":""},"class_list":["post-934","page","type-page","status-publish","has-post-thumbnail","hentry"],"_links":{"self":[{"href":"http:\/\/zsp3.pl\/index.php?rest_route=\/wp\/v2\/pages\/934","targetHints":{"allow":["GET"]}}],"collection":[{"href":"http:\/\/zsp3.pl\/index.php?rest_route=\/wp\/v2\/pages"}],"about":[{"href":"http:\/\/zsp3.pl\/index.php?rest_route=\/wp\/v2\/types\/page"}],"author":[{"embeddable":true,"href":"http:\/\/zsp3.pl\/index.php?rest_route=\/wp\/v2\/users\/3"}],"replies":[{"embeddable":true,"href":"http:\/\/zsp3.pl\/index.php?rest_route=%2Fwp%2Fv2%2Fcomments&post=934"}],"version-history":[{"count":24,"href":"http:\/\/zsp3.pl\/index.php?rest_route=\/wp\/v2\/pages\/934\/revisions"}],"predecessor-version":[{"id":7561,"href":"http:\/\/zsp3.pl\/index.php?rest_route=\/wp\/v2\/pages\/934\/revisions\/7561"}],"wp:featuredmedia":[{"embeddable":true,"href":"http:\/\/zsp3.pl\/index.php?rest_route=\/wp\/v2\/media\/937"}],"wp:attachment":[{"href":"http:\/\/zsp3.pl\/index.php?rest_route=%2Fwp%2Fv2%2Fmedia&parent=934"}],"curies":[{"name":"wp","href":"https:\/\/api.w.org\/{rel}","templated":true}]}}